{"id":28550,"date":"2021-08-09T20:40:37","date_gmt":"2021-08-09T20:40:37","guid":{"rendered":"http:\/\/quintacarmo.com\/?page_id=28550"},"modified":"2024-03-11T20:09:24","modified_gmt":"2024-03-11T20:09:24","slug":"a-quinta","status":"publish","type":"page","link":"http:\/\/quintacarmo.com\/en\/a-quinta\/","title":{"rendered":"About Quinta Carmo"},"content":{"rendered":"<p>[et_pb_section fb_built=&#8221;1&#8243; _builder_version=&#8221;4.16&#8243; _module_preset=&#8221;default&#8221; background_color=&#8221;#4f6d43&#8243; min_height=&#8221;100vh&#8221; custom_css_main_element=&#8221;display: flex;||flex-direction: column;||justify-content: center;&#8221; global_colors_info=&#8221;{}&#8221;][et_pb_row column_structure=&#8221;1_2,1_2&#8243; _builder_version=&#8221;4.16&#8243; _module_preset=&#8221;default&#8221; global_colors_info=&#8221;{}&#8221;][et_pb_column type=&#8221;1_2&#8243; _builder_version=&#8221;4.16&#8243; _module_preset=&#8221;default&#8221; global_colors_info=&#8221;{}&#8221;][et_pb_code _builder_version=&#8221;4.16&#8243; _module_preset=&#8221;default&#8221; global_colors_info=&#8221;{}&#8221;]<\/p>\n<div class=\"home-titulo\"><!-- [et_pb_line_break_holder] --><span>Sejam bem-vindos<\/span><!\u2013- [et_pb_br_holder] -\u2013><!-- [et_pb_line_break_holder] -->Desfrutem da Natureza da Costa de Prata.<!-- [et_pb_line_break_holder] --><\/div>\n<p>[\/et_pb_code][\/et_pb_column][et_pb_column type=&#8221;1_2&#8243; _builder_version=&#8221;4.16&#8243; _module_preset=&#8221;default&#8221; global_colors_info=&#8221;{}&#8221;][et_pb_code _builder_version=&#8221;4.16&#8243; _module_preset=&#8221;default&#8221; custom_css_main_element=&#8221;color:white;||text-align: justify;&#8221; global_colors_info=&#8221;{}&#8221;]<pee><!-- [et_pb_line_break_holder] --> A Quinta Carmo \u00e9 uma quinta portuguesa, familiar e independente que abra\u00e7a com toda a paix\u00e3o o conceito de bem receber num contexto de conforto e contacto com a natureza, bem no cora\u00e7\u00e3o da Costa de Prata de Portugal. <!-- [et_pb_line_break_holder] --><\/pee>[\/et_pb_code][\/et_pb_column][\/et_pb_row][\/et_pb_section][et_pb_section fb_built=&#8221;1&#8243; _builder_version=&#8221;4.16&#8243; _module_preset=&#8221;default&#8221; custom_margin=&#8221;0px||0px||false|false&#8221; custom_padding=&#8221;0px||0px||false|false&#8221; global_colors_info=&#8221;{}&#8221;][et_pb_row use_custom_gutter=&#8221;on&#8221; gutter_width=&#8221;1&#8243; _builder_version=&#8221;4.16&#8243; _module_preset=&#8221;default&#8221; width=&#8221;100%&#8221; max_width=&#8221;100%&#8221; custom_margin=&#8221;0px||0px||false|false&#8221; custom_padding=&#8221;0px||0px||false|false&#8221; global_colors_info=&#8221;{}&#8221;][et_pb_column type=&#8221;4_4&#8243; _builder_version=&#8221;4.16&#8243; _module_preset=&#8221;default&#8221; global_colors_info=&#8221;{}&#8221;][et_pb_gallery gallery_ids=&#8221;29080,29081,29082,29083,29084,29085,29086,29087,29089,29090,29091,29092,29093,29094,29095,29096,29097,29098,29099,29100&#8243; gallery_orderby=&#8221;rand&#8221; posts_number=&#8221;12&#8243; show_title_and_caption=&#8221;off&#8221; show_pagination=&#8221;off&#8221; hover_icon=&#8221;&#x54;||divi||400&#8243; _builder_version=&#8221;4.16&#8243; _module_preset=&#8221;default&#8221; custom_css_gallery_item_title=&#8221;display:none&#8221; global_colors_info=&#8221;{}&#8221;][\/et_pb_gallery][\/et_pb_column][\/et_pb_row][\/et_pb_section][et_pb_section fb_built=&#8221;1&#8243; module_id=&#8221;conceito&#8221; _builder_version=&#8221;4.16&#8243; _module_preset=&#8221;default&#8221; min_height=&#8221;100vh&#8221; custom_margin=&#8221;0px||0px||false|false&#8221; custom_padding=&#8221;0px||0px||false|false&#8221; global_colors_info=&#8221;{}&#8221;][et_pb_row column_structure=&#8221;1_2,1_2&#8243; use_custom_gutter=&#8221;on&#8221; gutter_width=&#8221;1&#8243; _builder_version=&#8221;4.16&#8243; _module_preset=&#8221;default&#8221; width=&#8221;100%&#8221; max_width=&#8221;100%&#8221; min_height=&#8221;100vh&#8221; custom_padding=&#8221;0px||0px||false|false&#8221; global_colors_info=&#8221;{}&#8221;][et_pb_column type=&#8221;1_2&#8243; _builder_version=&#8221;4.16&#8243; _module_preset=&#8221;default&#8221; custom_css_main_element=&#8221;min-height:100vh;||display:flex;||justify-content:center;||align-items:center;&#8221; global_colors_info=&#8221;{}&#8221;][et_pb_code _builder_version=&#8221;4.16&#8243; _module_preset=&#8221;default&#8221; width=&#8221;500px&#8221; global_colors_info=&#8221;{}&#8221;]<pee><!-- [et_pb_line_break_holder] -->   Entre a Serra e o Mar. A uma hora de Lisboa, dez minutos da Nazar\u00e9 e cinco minutos de Alcoba\u00e7a e do seu mosteiro, Patrim\u00f3nio Mundial ergue-se a Quinta Carmo. Os h\u00f3spedes encontram um conceito rural com todo o conforto e aten\u00e7\u00e3o ao detalhe, criando um ref\u00fagio em plena natureza (pet friendly) de tranquilidade e bem-estar.<!-- [et_pb_line_break_holder] --><\/pee>[\/et_pb_code][\/et_pb_column][et_pb_column type=&#8221;1_2&#8243; _builder_version=&#8221;4.16&#8243; _module_preset=&#8221;default&#8221; background_image=&#8221;http:\/\/quintacarmo.com\/wp-content\/uploads\/2021\/08\/IMG_20210419_142922-scaled.jpg&#8221; custom_css_main_element=&#8221;min-height:100vh !important;&#8221; global_colors_info=&#8221;{}&#8221;][\/et_pb_column][\/et_pb_row][\/et_pb_section][et_pb_section fb_built=&#8221;1&#8243; fullwidth=&#8221;on&#8221; module_id=&#8221;design-natureza&#8221; _builder_version=&#8221;4.16&#8243; _module_preset=&#8221;default&#8221; background_color=&#8221;#4f6d43&#8243; locked=&#8221;off&#8221; global_colors_info=&#8221;{}&#8221;][et_pb_fullwidth_code _builder_version=&#8221;4.16&#8243; _module_preset=&#8221;default&#8221; custom_padding=&#8221;50px|50px|10px|50px|false|false&#8221; custom_css_main_element=&#8221;display:flex;||justify-content:center;&#8221; global_colors_info=&#8221;{}&#8221;]<\/p>\n<div class=\"home-titulo\" style=\"font-family: Saol Display;\"><!-- [et_pb_line_break_holder] -->Design &#038; Natureza<!-- [et_pb_line_break_holder] --><\/div>\n<p>[\/et_pb_fullwidth_code][\/et_pb_section][et_pb_section fb_built=&#8221;1&#8243; disabled_on=&#8221;off|off|off&#8221; _builder_version=&#8221;4.16&#8243; _module_preset=&#8221;default&#8221; custom_margin=&#8221;0px||0px||false|false&#8221; custom_padding=&#8221;0px||0px||false|false&#8221; global_colors_info=&#8221;{}&#8221;][et_pb_row use_custom_gutter=&#8221;on&#8221; gutter_width=&#8221;1&#8243; _builder_version=&#8221;4.16&#8243; _module_preset=&#8221;default&#8221; width=&#8221;100%&#8221; max_width=&#8221;100%&#8221; custom_margin=&#8221;0px||0px||false|false&#8221; custom_padding=&#8221;0px||0px||false|false&#8221; global_colors_info=&#8221;{}&#8221;][et_pb_column type=&#8221;4_4&#8243; _builder_version=&#8221;4.16&#8243; _module_preset=&#8221;default&#8221; global_colors_info=&#8221;{}&#8221;][et_pb_gallery gallery_ids=&#8221;29113,29114,29115,29116,29117,29118,29119,29120,29121,29122,29123,29124,29125&#8243; gallery_orderby=&#8221;rand&#8221; posts_number=&#8221;12&#8243; show_title_and_caption=&#8221;off&#8221; show_pagination=&#8221;off&#8221; _builder_version=&#8221;4.16&#8243; _module_preset=&#8221;default&#8221; height=&#8221;700px&#8221; global_colors_info=&#8221;{}&#8221;][\/et_pb_gallery][et_pb_gallery gallery_ids=&#8221;29143,29145,29147,29148,29149&#8243; gallery_orderby=&#8221;rand&#8221; posts_number=&#8221;12&#8243; show_title_and_caption=&#8221;off&#8221; show_pagination=&#8221;off&#8221; _builder_version=&#8221;4.16&#8243; _module_preset=&#8221;default&#8221; height=&#8221;700px&#8221; global_colors_info=&#8221;{}&#8221;][\/et_pb_gallery][\/et_pb_column][\/et_pb_row][\/et_pb_section][et_pb_section fb_built=&#8221;1&#8243; module_id=&#8221;localizacao&#8221; _builder_version=&#8221;4.16&#8243; _module_preset=&#8221;default&#8221; global_colors_info=&#8221;{}&#8221;][et_pb_row _builder_version=&#8221;4.16&#8243; _module_preset=&#8221;default&#8221; global_colors_info=&#8221;{}&#8221;][et_pb_column type=&#8221;4_4&#8243; _builder_version=&#8221;4.16&#8243; _module_preset=&#8221;default&#8221; global_colors_info=&#8221;{}&#8221;][et_pb_image src=&#8221;https:\/\/quintacarmo.com\/wp-content\/uploads\/2024\/03\/Mapa_Quinta-Carmo_PT.jpg&#8221; title_text=&#8221;Mapa_Quinta Carmo_PT&#8221; align=&#8221;center&#8221; _builder_version=&#8221;4.23.1&#8243; _module_preset=&#8221;default&#8221; hover_enabled=&#8221;0&#8243; global_colors_info=&#8221;{}&#8221; sticky_enabled=&#8221;0&#8243;][\/et_pb_image][\/et_pb_column][\/et_pb_row][\/et_pb_section]<\/p>\n","protected":false},"excerpt":{"rendered":"","protected":false},"author":1,"featured_media":0,"parent":0,"menu_order":0,"comment_status":"closed","ping_status":"closed","template":"","meta":{"_et_pb_use_builder":"on","_et_pb_old_content":"","_et_gb_content_width":"","inline_featured_image":false,"_joinchat":[],"footnotes":""},"class_list":["post-28550","page","type-page","status-publish","hentry"],"yoast_head":"<!-- This site is optimized with the Yoast SEO plugin v27.4 - https:\/\/yoast.com\/product\/yoast-seo-wordpress\/ -->\n<title>A Quinta - Quinta do Carmo<\/title>\n<meta name=\"robots\" content=\"index, follow, max-snippet:-1, max-image-preview:large, max-video-preview:-1\" \/>\n<link rel=\"canonical\" href=\"https:\/\/quintacarmo.com\/en\/a-quinta\/\" \/>\n<meta property=\"og:locale\" content=\"en_GB\" \/>\n<meta property=\"og:type\" content=\"article\" \/>\n<meta property=\"og:title\" content=\"A Quinta - Quinta do Carmo\" \/>\n<meta property=\"og:url\" content=\"https:\/\/quintacarmo.com\/en\/a-quinta\/\" \/>\n<meta property=\"og:site_name\" content=\"Quinta do Carmo\" \/>\n<meta property=\"article:modified_time\" content=\"2024-03-11T20:09:24+00:00\" \/>\n<meta name=\"twitter:card\" content=\"summary_large_image\" \/>\n<meta name=\"twitter:label1\" content=\"Estimated reading time\" \/>\n\t<meta name=\"twitter:data1\" content=\"9 minutes\" \/>\n<script type=\"application\/ld+json\" class=\"yoast-schema-graph\">{\"@context\":\"https:\\\/\\\/schema.org\",\"@graph\":[{\"@type\":\"WebPage\",\"@id\":\"https:\\\/\\\/quintacarmo.com\\\/a-quinta\\\/\",\"url\":\"https:\\\/\\\/quintacarmo.com\\\/a-quinta\\\/\",\"name\":\"A Quinta - Quinta do Carmo\",\"isPartOf\":{\"@id\":\"https:\\\/\\\/quintacarmo.com\\\/#website\"},\"datePublished\":\"2021-08-09T20:40:37+00:00\",\"dateModified\":\"2024-03-11T20:09:24+00:00\",\"breadcrumb\":{\"@id\":\"https:\\\/\\\/quintacarmo.com\\\/a-quinta\\\/#breadcrumb\"},\"inLanguage\":\"en-GB\",\"potentialAction\":[{\"@type\":\"ReadAction\",\"target\":[\"https:\\\/\\\/quintacarmo.com\\\/a-quinta\\\/\"]}]},{\"@type\":\"BreadcrumbList\",\"@id\":\"https:\\\/\\\/quintacarmo.com\\\/a-quinta\\\/#breadcrumb\",\"itemListElement\":[{\"@type\":\"ListItem\",\"position\":1,\"name\":\"In\u00edcio\",\"item\":\"https:\\\/\\\/quintacarmo.com\\\/\"},{\"@type\":\"ListItem\",\"position\":2,\"name\":\"A Quinta\"}]},{\"@type\":\"WebSite\",\"@id\":\"https:\\\/\\\/quintacarmo.com\\\/#website\",\"url\":\"https:\\\/\\\/quintacarmo.com\\\/\",\"name\":\"Quinta do Carmo\",\"description\":\"\",\"potentialAction\":[{\"@type\":\"SearchAction\",\"target\":{\"@type\":\"EntryPoint\",\"urlTemplate\":\"https:\\\/\\\/quintacarmo.com\\\/?s={search_term_string}\"},\"query-input\":{\"@type\":\"PropertyValueSpecification\",\"valueRequired\":true,\"valueName\":\"search_term_string\"}}],\"inLanguage\":\"en-GB\"}]}<\/script>\n<!-- \/ Yoast SEO plugin. -->","yoast_head_json":{"title":"A Quinta - Quinta do Carmo","robots":{"index":"index","follow":"follow","max-snippet":"max-snippet:-1","max-image-preview":"max-image-preview:large","max-video-preview":"max-video-preview:-1"},"canonical":"https:\/\/quintacarmo.com\/en\/a-quinta\/","og_locale":"en_GB","og_type":"article","og_title":"A Quinta - Quinta do Carmo","og_url":"https:\/\/quintacarmo.com\/en\/a-quinta\/","og_site_name":"Quinta do Carmo","article_modified_time":"2024-03-11T20:09:24+00:00","twitter_card":"summary_large_image","twitter_misc":{"Estimated reading time":"9 minutes"},"schema":{"@context":"https:\/\/schema.org","@graph":[{"@type":"WebPage","@id":"https:\/\/quintacarmo.com\/a-quinta\/","url":"https:\/\/quintacarmo.com\/a-quinta\/","name":"A Quinta - Quinta do Carmo","isPartOf":{"@id":"https:\/\/quintacarmo.com\/#website"},"datePublished":"2021-08-09T20:40:37+00:00","dateModified":"2024-03-11T20:09:24+00:00","breadcrumb":{"@id":"https:\/\/quintacarmo.com\/a-quinta\/#breadcrumb"},"inLanguage":"en-GB","potentialAction":[{"@type":"ReadAction","target":["https:\/\/quintacarmo.com\/a-quinta\/"]}]},{"@type":"BreadcrumbList","@id":"https:\/\/quintacarmo.com\/a-quinta\/#breadcrumb","itemListElement":[{"@type":"ListItem","position":1,"name":"In\u00edcio","item":"https:\/\/quintacarmo.com\/"},{"@type":"ListItem","position":2,"name":"A Quinta"}]},{"@type":"WebSite","@id":"https:\/\/quintacarmo.com\/#website","url":"https:\/\/quintacarmo.com\/","name":"Quinta do Carmo","description":"","potentialAction":[{"@type":"SearchAction","target":{"@type":"EntryPoint","urlTemplate":"https:\/\/quintacarmo.com\/?s={search_term_string}"},"query-input":{"@type":"PropertyValueSpecification","valueRequired":true,"valueName":"search_term_string"}}],"inLanguage":"en-GB"}]}},"_links":{"self":[{"href":"http:\/\/quintacarmo.com\/en\/wp-json\/wp\/v2\/pages\/28550","targetHints":{"allow":["GET"]}}],"collection":[{"href":"http:\/\/quintacarmo.com\/en\/wp-json\/wp\/v2\/pages"}],"about":[{"href":"http:\/\/quintacarmo.com\/en\/wp-json\/wp\/v2\/types\/page"}],"author":[{"embeddable":true,"href":"http:\/\/quintacarmo.com\/en\/wp-json\/wp\/v2\/users\/1"}],"replies":[{"embeddable":true,"href":"http:\/\/quintacarmo.com\/en\/wp-json\/wp\/v2\/comments?post=28550"}],"version-history":[{"count":1,"href":"http:\/\/quintacarmo.com\/en\/wp-json\/wp\/v2\/pages\/28550\/revisions"}],"predecessor-version":[{"id":33304,"href":"http:\/\/quintacarmo.com\/en\/wp-json\/wp\/v2\/pages\/28550\/revisions\/33304"}],"wp:attachment":[{"href":"http:\/\/quintacarmo.com\/en\/wp-json\/wp\/v2\/media?parent=28550"}],"curies":[{"name":"wp","href":"https:\/\/api.w.org\/{rel}","templated":true}]}}