{"id":28530,"date":"2021-08-09T20:20:55","date_gmt":"2021-08-09T20:20:55","guid":{"rendered":"http:\/\/quintacarmo.com\/?page_id=28530"},"modified":"2026-04-11T18:28:16","modified_gmt":"2026-04-11T18:28:16","slug":"homepage","status":"publish","type":"page","link":"https:\/\/quintacarmo.com\/en\/","title":{"rendered":"Homepage"},"content":{"rendered":"<p>[et_pb_section fb_built=&#8221;1&#8243; fullwidth=&#8221;on&#8221; _builder_version=&#8221;4.27.4&#8243; _module_preset=&#8221;default&#8221; background_image=&#8221;http:\/\/quintacarmo.com\/wp-content\/uploads\/2021\/08\/Quinta-do-Carmo_novos_59.jpg&#8221; background_enable_video_mp4=&#8221;off&#8221; background_video_webm=&#8221;https:\/\/quintacarmo.com\/wp-content\/uploads\/2025\/06\/Quinta-do-Carmo.webm&#8221; background_video_pause_outside_viewport=&#8221;off&#8221; min_height=&#8221;100vh&#8221; custom_css_main_element=&#8221;||&#8221; global_colors_info=&#8221;{}&#8221;][et_pb_fullwidth_code _builder_version=&#8221;4.27.4&#8243; _module_preset=&#8221;default&#8221; max_width=&#8221;1080px&#8221; module_alignment=&#8221;center&#8221; height=&#8221;80vh&#8221; custom_margin=&#8221;|auto||auto|false|false&#8221; custom_padding_tablet=&#8221;|40px||40px|false|false&#8221; custom_padding_phone=&#8221;|40px||40px|false|false&#8221; custom_padding_last_edited=&#8221;on|tablet&#8221; custom_css_main_element=&#8221;display: flex;||flex-direction: column;||justify-content: center;&#8221; global_colors_info=&#8221;{}&#8221;]<\/p>\n<div class=\"home-titulo\"><!-- [et_pb_line_break_holder] --><span>Tranquilidade.<\/span><!\u2013- [et_pb_br_holder] -\u2013><!-- [et_pb_line_break_holder] -->A paz \u00e9 o nosso lugar.<!-- [et_pb_line_break_holder] --><\/div>\n<p><!-- [et_pb_line_break_holder] --><span class=\"main-text\" style=\"display:none\"><!-- [et_pb_line_break_holder] --><pee style=\"color:white; margin-top: 40px; font-size: 16px;\"><!-- [et_pb_line_break_holder] -->  A Quinta do Carmo oferece a oportunidade de hospedar-se numa Quinta portuguesa, familiar<!-- [et_pb_line_break_holder] -->e independente. Os nossos cinco alojamentos est\u00e3o distribu\u00eddos pela propriedade e oferecem<!-- [et_pb_line_break_holder] -->a oportunidade perfeita para relaxar e conectar com a natureza envolvente.<!-- [et_pb_line_break_holder] --><\/pee><!-- [et_pb_line_break_holder] --><pee style=\"color:white; font-size: 16px;\"><!-- [et_pb_line_break_holder] -->  Parta \u00e0 descoberta da hist\u00f3ria, gastronomia e cultura da regi\u00e3o Oeste, na Quinta Carmo<!-- [et_pb_line_break_holder] -->encontra o ref\u00fagio perfeito para relaxar e descontrair.<!-- [et_pb_line_break_holder] --><\/pee><!-- [et_pb_line_break_holder] -->  <\/span><!-- [et_pb_line_break_holder] --><\/p>\n<div class=\"btn-mobile-pesquisa\" onclick=\"displayform()\"><!-- [et_pb_line_break_holder] -->  Reservar<!-- [et_pb_line_break_holder] --><\/div>\n<p><!-- [et_pb_line_break_holder] -->[\/et_pb_fullwidth_code][et_pb_fullwidth_code _builder_version=&#8221;4.16&#8243; _module_preset=&#8221;default&#8221; height=&#8221;20vh&#8221; custom_css_main_element=&#8221;display: flex;||    justify-content: center;&#8221; global_colors_info=&#8221;{}&#8221;]<div class=\"mphb_sc_search-wrapper \">\n<form method=\"GET\" class=\"mphb_sc_search-form\" action=\"https:\/\/quintacarmo.com\/en\/search-results\/\" data-first_available_check_in_date=\"2026-04-23\">\n\n\t<p class = \"mphb-required-fields-tip\">\n\t<small>\n\t\tRequired fields are followed by\t\t<abbr title=\"required\">*<\/abbr>\n\t<\/small>\n<\/p>\n\n\t<p class=\"mphb_sc_search-check-in-date\">\n\t\t<label for=\"mphb_check_in_date-mphb-search-form-69ea0c38ddaf3\">\n\t\t\tCheck-in\t\t\t<abbr title=\"Formatted as dd\/mm\/yyyy\">*<\/abbr>\n\t\t<\/label>\n\t\t<br \/>\n\t\t<input\n\t\t\tid=\"mphb_check_in_date-mphb-search-form-69ea0c38ddaf3\"\n\t\t\tdata-datepick-group=\"mphb-search-form-69ea0c38ddaf3\"\n\t\t\tvalue=\"\"\n\t\t\tplaceholder=\"Check-in Date\"\n\t\t\trequired=\"required\"\n\t\t\ttype=\"text\"\n\t\t\tinputmode=\"none\"\n\t\t\tname=\"mphb_check_in_date\"\n\t\t\tclass=\"mphb-datepick\"\n\t\t\tautocomplete=\"off\"\n\t\t\t\/>\n\t<\/p>\n\n\t<p class=\"mphb_sc_search-check-out-date\">\n\t\t<label for=\"mphb_check_out_date-mphb-search-form-69ea0c38ddaf3\">\n\t\t\tCheck-out\t\t\t<abbr title=\"Formatted as dd\/mm\/yyyy\">*<\/abbr>\n\t\t<\/label>\n\t\t<br \/>\n\t\t<input\n\t\t\tid=\"mphb_check_out_date-mphb-search-form-69ea0c38ddaf3\"\n\t\t\tdata-datepick-group=\"mphb-search-form-69ea0c38ddaf3\"\n\t\t\tvalue=\"\"\n\t\t\tplaceholder=\"Check-out Date\"\n\t\t\trequired=\"required\"\n\t\t\ttype=\"text\"\n\t\t\tinputmode=\"none\"\n\t\t\tname=\"mphb_check_out_date\"\n\t\t\tclass=\"mphb-datepick\"\n\t\t\tautocomplete=\"off\"\n\t\t\t\/>\n\t<\/p>\n\n\t\t\t<p class=\"mphb_sc_search-adults\">\n\t\t\t<label for=\"mphb_adults-mphb-search-form-69ea0c38ddaf3\">\n\t\t\t\tGuests\t\t\t<\/label>\n\t\t\t<br \/>\n\t\t\t<select id=\"mphb_adults-mphb-search-form-69ea0c38ddaf3\" name=\"mphb_adults\" >\n\t\t\t\t\t\t\t\t\t<option value=\"1\"  selected='selected'>1<\/option>\n\t\t\t\t\t\t\t\t\t<option value=\"2\" >2<\/option>\n\t\t\t\t\t\t\t\t\t<option value=\"3\" >3<\/option>\n\t\t\t\t\t\t\t\t\t<option value=\"4\" >4<\/option>\n\t\t\t\t\t\t\t\t\t<option value=\"5\" >5<\/option>\n\t\t\t\t\t\t\t\t\t<option value=\"6\" >6<\/option>\n\t\t\t\t\t\t\t\t\t<option value=\"7\" >7<\/option>\n\t\t\t\t\t\t\t\t\t<option value=\"8\" >8<\/option>\n\t\t\t\t\t\t\t\t\t<option value=\"9\" >9<\/option>\n\t\t\t\t\t\t\t\t\t<option value=\"10\" >10<\/option>\n\t\t\t\t\t\t\t<\/select>\n\t\t<\/p>\n\t\n\t\t\t<input type=\"hidden\" id=\"mphb_children-mphb-search-form-69ea0c38ddaf3\" name=\"mphb_children\" value=\"0\" \/>\n\t\n\t\n\t\n\t<input id=\"mphb_check_in_date-mphb-search-form-69ea0c38ddaf3-hidden\" value=\"\" type=\"hidden\" name=\"mphb_check_in_date\" \/><input id=\"mphb_check_out_date-mphb-search-form-69ea0c38ddaf3-hidden\" value=\"\" type=\"hidden\" name=\"mphb_check_out_date\" \/>\n\t<p class=\"mphb_sc_search-submit-button-wrapper\">\n\t\t<input type=\"submit\" class=\"button\" value=\"Search\"\/>\n\t<\/p>\n\n\t\n<\/form>\n<\/div>[\/et_pb_fullwidth_code][\/et_pb_section]<\/p>\n","protected":false},"excerpt":{"rendered":"","protected":false},"author":1,"featured_media":0,"parent":0,"menu_order":0,"comment_status":"closed","ping_status":"closed","template":"","meta":{"_et_pb_use_builder":"on","_et_pb_old_content":"","_et_gb_content_width":"","inline_featured_image":false,"_joinchat":[],"footnotes":""},"class_list":["post-28530","page","type-page","status-publish","hentry"],"yoast_head":"<!-- This site is optimized with the Yoast SEO plugin v27.4 - https:\/\/yoast.com\/product\/yoast-seo-wordpress\/ -->\n<title>Homepage - Quinta do Carmo<\/title>\n<meta name=\"robots\" content=\"index, follow, max-snippet:-1, max-image-preview:large, max-video-preview:-1\" \/>\n<link rel=\"canonical\" href=\"https:\/\/quintacarmo.com\/en\/\" \/>\n<meta property=\"og:locale\" content=\"en_GB\" \/>\n<meta property=\"og:type\" content=\"article\" \/>\n<meta property=\"og:title\" content=\"Homepage - Quinta do Carmo\" \/>\n<meta property=\"og:url\" content=\"https:\/\/quintacarmo.com\/en\/\" \/>\n<meta property=\"og:site_name\" content=\"Quinta do Carmo\" \/>\n<meta property=\"article:modified_time\" content=\"2026-04-11T18:28:16+00:00\" \/>\n<meta name=\"twitter:card\" content=\"summary_large_image\" \/>\n<meta name=\"twitter:label1\" content=\"Estimated reading time\" \/>\n\t<meta name=\"twitter:data1\" content=\"1 minute\" \/>\n<script type=\"application\/ld+json\" class=\"yoast-schema-graph\">{\"@context\":\"https:\\\/\\\/schema.org\",\"@graph\":[{\"@type\":\"WebPage\",\"@id\":\"https:\\\/\\\/quintacarmo.com\\\/\",\"url\":\"https:\\\/\\\/quintacarmo.com\\\/\",\"name\":\"Homepage - Quinta do Carmo\",\"isPartOf\":{\"@id\":\"https:\\\/\\\/quintacarmo.com\\\/#website\"},\"datePublished\":\"2021-08-09T20:20:55+00:00\",\"dateModified\":\"2026-04-11T18:28:16+00:00\",\"breadcrumb\":{\"@id\":\"https:\\\/\\\/quintacarmo.com\\\/#breadcrumb\"},\"inLanguage\":\"en-GB\",\"potentialAction\":[{\"@type\":\"ReadAction\",\"target\":[\"https:\\\/\\\/quintacarmo.com\\\/\"]}]},{\"@type\":\"BreadcrumbList\",\"@id\":\"https:\\\/\\\/quintacarmo.com\\\/#breadcrumb\",\"itemListElement\":[{\"@type\":\"ListItem\",\"position\":1,\"name\":\"In\u00edcio\",\"item\":\"https:\\\/\\\/quintacarmo.com\\\/\"},{\"@type\":\"ListItem\",\"position\":2,\"name\":\"Homepage\"}]},{\"@type\":\"WebSite\",\"@id\":\"https:\\\/\\\/quintacarmo.com\\\/#website\",\"url\":\"https:\\\/\\\/quintacarmo.com\\\/\",\"name\":\"Quinta do Carmo\",\"description\":\"\",\"potentialAction\":[{\"@type\":\"SearchAction\",\"target\":{\"@type\":\"EntryPoint\",\"urlTemplate\":\"https:\\\/\\\/quintacarmo.com\\\/?s={search_term_string}\"},\"query-input\":{\"@type\":\"PropertyValueSpecification\",\"valueRequired\":true,\"valueName\":\"search_term_string\"}}],\"inLanguage\":\"en-GB\"}]}<\/script>\n<!-- \/ Yoast SEO plugin. -->","yoast_head_json":{"title":"Homepage - Quinta do Carmo","robots":{"index":"index","follow":"follow","max-snippet":"max-snippet:-1","max-image-preview":"max-image-preview:large","max-video-preview":"max-video-preview:-1"},"canonical":"https:\/\/quintacarmo.com\/en\/","og_locale":"en_GB","og_type":"article","og_title":"Homepage - Quinta do Carmo","og_url":"https:\/\/quintacarmo.com\/en\/","og_site_name":"Quinta do Carmo","article_modified_time":"2026-04-11T18:28:16+00:00","twitter_card":"summary_large_image","twitter_misc":{"Estimated reading time":"1 minute"},"schema":{"@context":"https:\/\/schema.org","@graph":[{"@type":"WebPage","@id":"https:\/\/quintacarmo.com\/","url":"https:\/\/quintacarmo.com\/","name":"Homepage - Quinta do Carmo","isPartOf":{"@id":"https:\/\/quintacarmo.com\/#website"},"datePublished":"2021-08-09T20:20:55+00:00","dateModified":"2026-04-11T18:28:16+00:00","breadcrumb":{"@id":"https:\/\/quintacarmo.com\/#breadcrumb"},"inLanguage":"en-GB","potentialAction":[{"@type":"ReadAction","target":["https:\/\/quintacarmo.com\/"]}]},{"@type":"BreadcrumbList","@id":"https:\/\/quintacarmo.com\/#breadcrumb","itemListElement":[{"@type":"ListItem","position":1,"name":"In\u00edcio","item":"https:\/\/quintacarmo.com\/"},{"@type":"ListItem","position":2,"name":"Homepage"}]},{"@type":"WebSite","@id":"https:\/\/quintacarmo.com\/#website","url":"https:\/\/quintacarmo.com\/","name":"Quinta do Carmo","description":"","potentialAction":[{"@type":"SearchAction","target":{"@type":"EntryPoint","urlTemplate":"https:\/\/quintacarmo.com\/?s={search_term_string}"},"query-input":{"@type":"PropertyValueSpecification","valueRequired":true,"valueName":"search_term_string"}}],"inLanguage":"en-GB"}]}},"_links":{"self":[{"href":"https:\/\/quintacarmo.com\/en\/wp-json\/wp\/v2\/pages\/28530","targetHints":{"allow":["GET"]}}],"collection":[{"href":"https:\/\/quintacarmo.com\/en\/wp-json\/wp\/v2\/pages"}],"about":[{"href":"https:\/\/quintacarmo.com\/en\/wp-json\/wp\/v2\/types\/page"}],"author":[{"embeddable":true,"href":"https:\/\/quintacarmo.com\/en\/wp-json\/wp\/v2\/users\/1"}],"replies":[{"embeddable":true,"href":"https:\/\/quintacarmo.com\/en\/wp-json\/wp\/v2\/comments?post=28530"}],"version-history":[{"count":3,"href":"https:\/\/quintacarmo.com\/en\/wp-json\/wp\/v2\/pages\/28530\/revisions"}],"predecessor-version":[{"id":34003,"href":"https:\/\/quintacarmo.com\/en\/wp-json\/wp\/v2\/pages\/28530\/revisions\/34003"}],"wp:attachment":[{"href":"https:\/\/quintacarmo.com\/en\/wp-json\/wp\/v2\/media?parent=28530"}],"curies":[{"name":"wp","href":"https:\/\/api.w.org\/{rel}","templated":true}]}}