{"id":28552,"date":"2021-08-09T20:42:53","date_gmt":"2021-08-09T20:42:53","guid":{"rendered":"http:\/\/quintacarmo.com\/?page_id=28552"},"modified":"2023-11-18T11:52:43","modified_gmt":"2023-11-18T11:52:43","slug":"anfitrioes","status":"publish","type":"page","link":"https:\/\/quintacarmo.com\/en\/anfitrioes\/","title":{"rendered":"The Hosts"},"content":{"rendered":"<p>[et_pb_section fb_built=&#8221;1&#8243; _builder_version=&#8221;4.16&#8243; _module_preset=&#8221;default&#8221; background_color=&#8221;#FFFFFF&#8221; min_height=&#8221;100vh&#8221; custom_css_main_element=&#8221;display: flex;||flex-direction: column;||justify-content: center;&#8221; locked=&#8221;off&#8221; global_colors_info=&#8221;{}&#8221;][et_pb_row column_structure=&#8221;1_2,1_2&#8243; _builder_version=&#8221;4.16&#8243; _module_preset=&#8221;default&#8221; global_colors_info=&#8221;{}&#8221;][et_pb_column type=&#8221;1_2&#8243; _builder_version=&#8221;4.16&#8243; _module_preset=&#8221;default&#8221; global_colors_info=&#8221;{}&#8221;][et_pb_code _builder_version=&#8221;4.16&#8243; _module_preset=&#8221;default&#8221; custom_padding=&#8221;|20px||20px|false|false&#8221; global_colors_info=&#8221;{}&#8221;]<\/p>\n<div style=\"color:#4F6D43\" class=\"home-titulo\"><!-- [et_pb_line_break_holder] --><span style=\"color:#616161\">Tranquilidade<\/span><!\u2013- [et_pb_br_holder] -\u2013><!-- [et_pb_line_break_holder] -->A paz \u00e9 o nosso lugar.<!-- [et_pb_line_break_holder] --><\/div>\n<p>[\/et_pb_code][\/et_pb_column][et_pb_column type=&#8221;1_2&#8243; _builder_version=&#8221;4.16&#8243; _module_preset=&#8221;default&#8221; global_colors_info=&#8221;{}&#8221;][et_pb_code _builder_version=&#8221;4.16&#8243; _module_preset=&#8221;default&#8221; custom_css_main_element=&#8221;text-align: justify;&#8221; global_colors_info=&#8221;{}&#8221;]<pee><!-- [et_pb_line_break_holder] -->Encontre na Quinta Carmo, um atendimento personalizado, para que possa desfrutar de todas as experi\u00eancias \u00fanicas que Portugal e a zona Oeste lhe oferecem. <!\u2013- [et_pb_br_holder] -\u2013><!\u2013- [et_pb_br_holder] -\u2013><!-- [et_pb_line_break_holder] -->Uma zona que apetece passar, ficar e voltar.<!-- [et_pb_line_break_holder] --><\/pee>[\/et_pb_code][\/et_pb_column][\/et_pb_row][\/et_pb_section][et_pb_section fb_built=&#8221;1&#8243; _builder_version=&#8221;4.16&#8243; _module_preset=&#8221;default&#8221; min_height=&#8221;100vh&#8221; custom_margin=&#8221;0px||0px||false|false&#8221; custom_padding=&#8221;0px||0px||false|false&#8221; locked=&#8221;off&#8221; global_colors_info=&#8221;{}&#8221;][et_pb_row column_structure=&#8221;1_2,1_2&#8243; use_custom_gutter=&#8221;on&#8221; gutter_width=&#8221;1&#8243; _builder_version=&#8221;4.16&#8243; _module_preset=&#8221;default&#8221; width=&#8221;100%&#8221; max_width=&#8221;100%&#8221; min_height=&#8221;100vh&#8221; custom_padding=&#8221;0px||0px||false|false&#8221; global_colors_info=&#8221;{}&#8221;][et_pb_column type=&#8221;1_2&#8243; _builder_version=&#8221;4.16&#8243; _module_preset=&#8221;default&#8221; custom_css_main_element=&#8221;min-height:100vh;||display:flex;||justify-content:center;||align-items:center;&#8221; global_colors_info=&#8221;{}&#8221;][et_pb_code _builder_version=&#8221;4.16&#8243; _module_preset=&#8221;default&#8221; width=&#8221;500px&#8221; custom_padding=&#8221;|20px||20px|false|false&#8221; global_colors_info=&#8221;{}&#8221;]<\/p>\n<div style=\"color:#4F6D43; font-size: 31px;\" class=\"home-titulo\"><!-- [et_pb_line_break_holder] -->SERVI\u00c7O DE CONCIERGE <!-- [et_pb_line_break_holder] --><\/div>\n<p><!-- [et_pb_line_break_holder] --><!-- [et_pb_line_break_holder] --><pee><!-- [et_pb_line_break_holder] -->  Um anfitri\u00e3o perfeito \u00e9 o que est\u00e1 sempre presente.<!\u2013- [et_pb_br_holder] -\u2013><!\u2013- [et_pb_br_holder] -\u2013><!-- [et_pb_line_break_holder] -->Para al\u00e9m de agir na resolu\u00e7\u00e3o de poss\u00edveis problemas gostamos de falar com os h\u00f3spedes e fornecer todas as dicas sobre comida e entretenimento locais, entre muitos outros. <!\u2013- [et_pb_br_holder] -\u2013><!\u2013- [et_pb_br_holder] -\u2013><!-- [et_pb_line_break_holder] -->  Disponibilizamos um servi\u00e7o personalizado de pick-up do aeroporto para o nosso alojamento.<!-- [et_pb_line_break_holder] --><!-- [et_pb_line_break_holder] --><\/pee>[\/et_pb_code][\/et_pb_column][et_pb_column type=&#8221;1_2&#8243; _builder_version=&#8221;4.16&#8243; _module_preset=&#8221;default&#8221; background_image=&#8221;http:\/\/quintacarmo.com\/wp-content\/uploads\/2021\/09\/P1111695-scaled.jpg&#8221; custom_css_main_element=&#8221;min-height:100vh !important;&#8221; global_colors_info=&#8221;{}&#8221;][\/et_pb_column][\/et_pb_row][\/et_pb_section][et_pb_section fb_built=&#8221;1&#8243; _builder_version=&#8221;4.16&#8243; _module_preset=&#8221;default&#8221; min_height=&#8221;100vh&#8221; custom_margin=&#8221;0px||0px||false|false&#8221; custom_padding=&#8221;0px||0px||false|false&#8221; locked=&#8221;off&#8221; global_colors_info=&#8221;{}&#8221;][et_pb_row column_structure=&#8221;1_2,1_2&#8243; use_custom_gutter=&#8221;on&#8221; gutter_width=&#8221;1&#8243; _builder_version=&#8221;4.16&#8243; _module_preset=&#8221;default&#8221; width=&#8221;100%&#8221; max_width=&#8221;100%&#8221; min_height=&#8221;100vh&#8221; custom_padding=&#8221;0px||0px||false|false&#8221; global_colors_info=&#8221;{}&#8221;][et_pb_column type=&#8221;1_2&#8243; _builder_version=&#8221;4.16&#8243; _module_preset=&#8221;default&#8221; background_image=&#8221;http:\/\/quintacarmo.com\/wp-content\/uploads\/2021\/09\/P1111198-scaled.jpg&#8221; custom_css_main_element=&#8221;min-height:100vh !important;&#8221; global_colors_info=&#8221;{}&#8221;][\/et_pb_column][et_pb_column type=&#8221;1_2&#8243; _builder_version=&#8221;4.16&#8243; _module_preset=&#8221;default&#8221; custom_css_main_element=&#8221;min-height:100vh;||display:flex;||justify-content:center;||align-items:center;&#8221; global_colors_info=&#8221;{}&#8221;][et_pb_code _builder_version=&#8221;4.23.1&#8243; _module_preset=&#8221;default&#8221; width=&#8221;500px&#8221; custom_padding=&#8221;|20px||20px|false|false&#8221; hover_enabled=&#8221;0&#8243; global_colors_info=&#8221;{}&#8221; sticky_enabled=&#8221;0&#8243;]<\/p>\n<div style=\"color:#4F6D43; text-transform: uppercase; font-size: 31px;\" class=\"home-titulo\"><!-- [et_pb_line_break_holder] -->Servi\u00e7os de Limpeza e Lavandaria<!-- [et_pb_line_break_holder] --><\/div>\n<p><!-- [et_pb_line_break_holder] --><!-- [et_pb_line_break_holder] --><pee><!-- [et_pb_line_break_holder] --> Dispomos ainda de um servi\u00e7o extra de limpeza e lavandaria. <!\u2013- [et_pb_br_holder] -\u2013><!-- [et_pb_line_break_holder] -->  <!\u2013- [et_pb_br_holder] -\u2013><!-- [et_pb_line_break_holder] -->Connosco pode ficar assegurado de que o seu alojamento estar\u00e1 sempre limpo e cuidado durante a sua estadia.<!-- [et_pb_line_break_holder] --><!-- [et_pb_line_break_holder] -->  <!\u2013- [et_pb_br_holder] -\u2013><!-- [et_pb_line_break_holder] -->  <!\u2013- [et_pb_br_holder] -\u2013><!-- [et_pb_line_break_holder] -->  Taxa de Limpeza Extra: 30\u20ac<!-- [et_pb_line_break_holder] --><\/pee>[\/et_pb_code][\/et_pb_column][\/et_pb_row][\/et_pb_section][et_pb_section fb_built=&#8221;1&#8243; _builder_version=&#8221;4.16&#8243; _module_preset=&#8221;default&#8221; min_height=&#8221;100vh&#8221; custom_margin=&#8221;0px||0px||false|false&#8221; custom_padding=&#8221;0px||0px||false|false&#8221; locked=&#8221;off&#8221; global_colors_info=&#8221;{}&#8221;][et_pb_row column_structure=&#8221;1_2,1_2&#8243; use_custom_gutter=&#8221;on&#8221; gutter_width=&#8221;1&#8243; _builder_version=&#8221;4.16&#8243; _module_preset=&#8221;default&#8221; width=&#8221;100%&#8221; max_width=&#8221;100%&#8221; min_height=&#8221;100vh&#8221; custom_padding=&#8221;0px||0px||false|false&#8221; global_colors_info=&#8221;{}&#8221;][et_pb_column type=&#8221;1_2&#8243; _builder_version=&#8221;4.16&#8243; _module_preset=&#8221;default&#8221; custom_css_main_element=&#8221;min-height:100vh;||display:flex;||justify-content:center;||align-items:center;&#8221; global_colors_info=&#8221;{}&#8221;][et_pb_code _builder_version=&#8221;4.16&#8243; _module_preset=&#8221;default&#8221; width=&#8221;500px&#8221; custom_padding=&#8221;|20px||20px|false|false&#8221; global_colors_info=&#8221;{}&#8221;]<\/p>\n<div style=\"color:#4F6D43; text-transform: uppercase; font-size: 31px;\" class=\"home-titulo\"><!-- [et_pb_line_break_holder] -->Aluguer de carros<!-- [et_pb_line_break_holder] --><\/div>\n<p><!-- [et_pb_line_break_holder] --><!-- [et_pb_line_break_holder] --><pee><!-- [et_pb_line_break_holder] -->  Ajudamo-lo a encontrar o seu carro de aluguer de forma r\u00e1pida e confort\u00e1vel. <!\u2013- [et_pb_br_holder] -\u2013><!-- [et_pb_line_break_holder] -->  <!\u2013- [et_pb_br_holder] -\u2013><!-- [et_pb_line_break_holder] -->Quando chegar \u00e0 Quinta Carmo poder\u00e1 ter \u00e0 disposi\u00e7\u00e3o o seu carro de aluguer para que possa deslocar-se at\u00e9 aos principais pontos tur\u00edsticos da nossa zona.<!-- [et_pb_line_break_holder] --><!-- [et_pb_line_break_holder] --><\/pee>[\/et_pb_code][\/et_pb_column][et_pb_column type=&#8221;1_2&#8243; _builder_version=&#8221;4.16&#8243; _module_preset=&#8221;default&#8221; background_image=&#8221;http:\/\/quintacarmo.com\/wp-content\/uploads\/2021\/10\/darwin-vegher-IAc1x02D9K0-unsplash-scaled.jpg&#8221; custom_css_main_element=&#8221;min-height:100vh !important;&#8221; global_colors_info=&#8221;{}&#8221;][\/et_pb_column][\/et_pb_row][\/et_pb_section]<\/p>\n","protected":false},"excerpt":{"rendered":"","protected":false},"author":1,"featured_media":0,"parent":0,"menu_order":0,"comment_status":"closed","ping_status":"closed","template":"","meta":{"_et_pb_use_builder":"on","_et_pb_old_content":"","_et_gb_content_width":"","inline_featured_image":false,"_joinchat":[],"footnotes":""},"class_list":["post-28552","page","type-page","status-publish","hentry"],"yoast_head":"<!-- This site is optimized with the Yoast SEO plugin v27.4 - https:\/\/yoast.com\/product\/yoast-seo-wordpress\/ -->\n<title>Anfitri\u00f5es - Quinta do Carmo<\/title>\n<meta name=\"robots\" content=\"index, follow, max-snippet:-1, max-image-preview:large, max-video-preview:-1\" \/>\n<link rel=\"canonical\" href=\"https:\/\/quintacarmo.com\/en\/anfitrioes\/\" \/>\n<meta property=\"og:locale\" content=\"en_GB\" \/>\n<meta property=\"og:type\" content=\"article\" \/>\n<meta property=\"og:title\" content=\"Anfitri\u00f5es - Quinta do Carmo\" \/>\n<meta property=\"og:url\" content=\"https:\/\/quintacarmo.com\/en\/anfitrioes\/\" \/>\n<meta property=\"og:site_name\" content=\"Quinta do Carmo\" \/>\n<meta property=\"article:modified_time\" content=\"2023-11-18T11:52:43+00:00\" \/>\n<meta name=\"twitter:card\" content=\"summary_large_image\" \/>\n<meta name=\"twitter:label1\" content=\"Estimated reading time\" \/>\n\t<meta name=\"twitter:data1\" content=\"2 minutes\" \/>\n<script type=\"application\/ld+json\" class=\"yoast-schema-graph\">{\"@context\":\"https:\\\/\\\/schema.org\",\"@graph\":[{\"@type\":\"WebPage\",\"@id\":\"https:\\\/\\\/quintacarmo.com\\\/anfitrioes\\\/\",\"url\":\"https:\\\/\\\/quintacarmo.com\\\/anfitrioes\\\/\",\"name\":\"Anfitri\u00f5es - Quinta do Carmo\",\"isPartOf\":{\"@id\":\"https:\\\/\\\/quintacarmo.com\\\/#website\"},\"datePublished\":\"2021-08-09T20:42:53+00:00\",\"dateModified\":\"2023-11-18T11:52:43+00:00\",\"breadcrumb\":{\"@id\":\"https:\\\/\\\/quintacarmo.com\\\/anfitrioes\\\/#breadcrumb\"},\"inLanguage\":\"en-GB\",\"potentialAction\":[{\"@type\":\"ReadAction\",\"target\":[\"https:\\\/\\\/quintacarmo.com\\\/anfitrioes\\\/\"]}]},{\"@type\":\"BreadcrumbList\",\"@id\":\"https:\\\/\\\/quintacarmo.com\\\/anfitrioes\\\/#breadcrumb\",\"itemListElement\":[{\"@type\":\"ListItem\",\"position\":1,\"name\":\"In\u00edcio\",\"item\":\"https:\\\/\\\/quintacarmo.com\\\/\"},{\"@type\":\"ListItem\",\"position\":2,\"name\":\"Anfitri\u00f5es\"}]},{\"@type\":\"WebSite\",\"@id\":\"https:\\\/\\\/quintacarmo.com\\\/#website\",\"url\":\"https:\\\/\\\/quintacarmo.com\\\/\",\"name\":\"Quinta do Carmo\",\"description\":\"\",\"potentialAction\":[{\"@type\":\"SearchAction\",\"target\":{\"@type\":\"EntryPoint\",\"urlTemplate\":\"https:\\\/\\\/quintacarmo.com\\\/?s={search_term_string}\"},\"query-input\":{\"@type\":\"PropertyValueSpecification\",\"valueRequired\":true,\"valueName\":\"search_term_string\"}}],\"inLanguage\":\"en-GB\"}]}<\/script>\n<!-- \/ Yoast SEO plugin. -->","yoast_head_json":{"title":"Anfitri\u00f5es - Quinta do Carmo","robots":{"index":"index","follow":"follow","max-snippet":"max-snippet:-1","max-image-preview":"max-image-preview:large","max-video-preview":"max-video-preview:-1"},"canonical":"https:\/\/quintacarmo.com\/en\/anfitrioes\/","og_locale":"en_GB","og_type":"article","og_title":"Anfitri\u00f5es - Quinta do Carmo","og_url":"https:\/\/quintacarmo.com\/en\/anfitrioes\/","og_site_name":"Quinta do Carmo","article_modified_time":"2023-11-18T11:52:43+00:00","twitter_card":"summary_large_image","twitter_misc":{"Estimated reading time":"2 minutes"},"schema":{"@context":"https:\/\/schema.org","@graph":[{"@type":"WebPage","@id":"https:\/\/quintacarmo.com\/anfitrioes\/","url":"https:\/\/quintacarmo.com\/anfitrioes\/","name":"Anfitri\u00f5es - Quinta do Carmo","isPartOf":{"@id":"https:\/\/quintacarmo.com\/#website"},"datePublished":"2021-08-09T20:42:53+00:00","dateModified":"2023-11-18T11:52:43+00:00","breadcrumb":{"@id":"https:\/\/quintacarmo.com\/anfitrioes\/#breadcrumb"},"inLanguage":"en-GB","potentialAction":[{"@type":"ReadAction","target":["https:\/\/quintacarmo.com\/anfitrioes\/"]}]},{"@type":"BreadcrumbList","@id":"https:\/\/quintacarmo.com\/anfitrioes\/#breadcrumb","itemListElement":[{"@type":"ListItem","position":1,"name":"In\u00edcio","item":"https:\/\/quintacarmo.com\/"},{"@type":"ListItem","position":2,"name":"Anfitri\u00f5es"}]},{"@type":"WebSite","@id":"https:\/\/quintacarmo.com\/#website","url":"https:\/\/quintacarmo.com\/","name":"Quinta do Carmo","description":"","potentialAction":[{"@type":"SearchAction","target":{"@type":"EntryPoint","urlTemplate":"https:\/\/quintacarmo.com\/?s={search_term_string}"},"query-input":{"@type":"PropertyValueSpecification","valueRequired":true,"valueName":"search_term_string"}}],"inLanguage":"en-GB"}]}},"_links":{"self":[{"href":"https:\/\/quintacarmo.com\/en\/wp-json\/wp\/v2\/pages\/28552","targetHints":{"allow":["GET"]}}],"collection":[{"href":"https:\/\/quintacarmo.com\/en\/wp-json\/wp\/v2\/pages"}],"about":[{"href":"https:\/\/quintacarmo.com\/en\/wp-json\/wp\/v2\/types\/page"}],"author":[{"embeddable":true,"href":"https:\/\/quintacarmo.com\/en\/wp-json\/wp\/v2\/users\/1"}],"replies":[{"embeddable":true,"href":"https:\/\/quintacarmo.com\/en\/wp-json\/wp\/v2\/comments?post=28552"}],"version-history":[{"count":2,"href":"https:\/\/quintacarmo.com\/en\/wp-json\/wp\/v2\/pages\/28552\/revisions"}],"predecessor-version":[{"id":33116,"href":"https:\/\/quintacarmo.com\/en\/wp-json\/wp\/v2\/pages\/28552\/revisions\/33116"}],"wp:attachment":[{"href":"https:\/\/quintacarmo.com\/en\/wp-json\/wp\/v2\/media?parent=28552"}],"curies":[{"name":"wp","href":"https:\/\/api.w.org\/{rel}","templated":true}]}}